{"id":9145,"date":"2026-03-17T11:36:15","date_gmt":"2026-03-17T08:36:15","guid":{"rendered":"https:\/\/alke.izmirwebtasarimofisi.com\/product\/musli-tahil-bari-uretim-hatti\/"},"modified":"2026-03-17T11:36:15","modified_gmt":"2026-03-17T08:36:15","slug":"musli-tahil-bari-uretim-hatti","status":"publish","type":"product","link":"https:\/\/alke.izmirwebtasarimofisi.com\/tr\/urun\/musli-tahil-bari-uretim-hatti\/","title":{"rendered":"M\u00fcsli Tah\u0131l Bar\u0131 \u00dcretim Hatt\u0131"},"content":{"rendered":"\t\t<div data-elementor-type=\"wp-post\" data-elementor-id=\"9145\" class=\"elementor elementor-9145 elementor-9099\" data-elementor-post-type=\"product\">\n\t\t\t\t<div class=\"elementor-element elementor-element-15fa7df6 e-con-full e-flex e-con e-parent\" data-id=\"15fa7df6\" data-element_type=\"container\" data-e-type=\"container\" data-settings=\"{&quot;background_background&quot;:&quot;classic&quot;}\">\n\t\t<div class=\"elementor-element elementor-element-2e664229 e-flex e-con-boxed e-con e-child\" data-id=\"2e664229\" data-element_type=\"container\" data-e-type=\"container\">\n\t\t\t\t\t<div class=\"e-con-inner\">\n\t\t\t\t\t<\/div>\n\t\t\t\t<\/div>\n\t\t\t\t<div class=\"elementor-element elementor-element-3a1fffd4 elementor-widget elementor-widget-spacer\" data-id=\"3a1fffd4\" data-element_type=\"widget\" data-e-type=\"widget\" data-widget_type=\"spacer.default\">\n\t\t\t\t\t\t\t<div class=\"elementor-spacer\">\n\t\t\t<div class=\"elementor-spacer-inner\"><\/div>\n\t\t<\/div>\n\t\t\t\t\t\t<\/div>\n\t\t\t\t<\/div>\n\t\t\t\t<\/div>\n\t\t","protected":false},"featured_media":10892,"parent":0,"menu_order":0,"template":"elementor_header_footer","meta":{"inline_featured_image":false},"categories":[],"class_list":["post-9145","product","type-product","status-publish","has-post-thumbnail","hentry"],"_links":{"self":[{"href":"https:\/\/alke.izmirwebtasarimofisi.com\/tr\/wp-json\/wp\/v2\/product\/9145","targetHints":{"allow":["GET"]}}],"collection":[{"href":"https:\/\/alke.izmirwebtasarimofisi.com\/tr\/wp-json\/wp\/v2\/product"}],"about":[{"href":"https:\/\/alke.izmirwebtasarimofisi.com\/tr\/wp-json\/wp\/v2\/types\/product"}],"version-history":[{"count":0,"href":"https:\/\/alke.izmirwebtasarimofisi.com\/tr\/wp-json\/wp\/v2\/product\/9145\/revisions"}],"wp:featuredmedia":[{"embeddable":true,"href":"https:\/\/alke.izmirwebtasarimofisi.com\/tr\/wp-json\/wp\/v2\/media\/10892"}],"wp:attachment":[{"href":"https:\/\/alke.izmirwebtasarimofisi.com\/tr\/wp-json\/wp\/v2\/media?parent=9145"}],"wp:term":[{"taxonomy":"category","embeddable":true,"href":"https:\/\/alke.izmirwebtasarimofisi.com\/tr\/wp-json\/wp\/v2\/categories?post=9145"}],"curies":[{"name":"wp","href":"https:\/\/api.w.org\/{rel}","templated":true}]}}